{"id":15998,"date":"2022-02-14T08:23:41","date_gmt":"2022-02-14T08:23:41","guid":{"rendered":"https:\/\/demo.artureanec.com\/themes\/industrium\/?page_id=3"},"modified":"2022-02-14T08:23:41","modified_gmt":"2022-02-14T08:23:41","slug":"privacy-policy-2","status":"publish","type":"page","link":"https:\/\/www.coverupsystem.com\/es\/politica-de-privacidad-2\/","title":{"rendered":"Pol\u00edtica de privacidad"},"content":{"rendered":"<h2 class=\"wp-block-heading\">Qui\u00e9nes somos<\/h2><p><strong class=\"privacy-policy-tutorial\">Texto sugerido: <\/strong>La direcci\u00f3n de nuestro sitio web es: http:\/\/industrium.net.<\/p><h2 class=\"wp-block-heading\">Comentarios<\/h2><p><strong class=\"privacy-policy-tutorial\">Texto sugerido: <\/strong>Cuando los visitantes dejan comentarios en el sitio, recopilamos los datos que se muestran en el formulario de comentarios, as\u00ed como la direcci\u00f3n IP del visitante y la cadena del agente de usuario del navegador para ayudar a la detecci\u00f3n de spam.<\/p><p>Se le puede proporcionar una cadena anonimizada creada a partir de su direcci\u00f3n de correo electr\u00f3nico (tambi\u00e9n llamada hash) al servicio Gravatar para ver si lo est\u00e1 utilizando. La pol\u00edtica de privacidad del servicio Gravatar est\u00e1 disponible aqu\u00ed: https:\/\/automattic.com\/privacy\/. Despu\u00e9s de aprobar su comentario, su foto de perfil ser\u00e1 visible para el p\u00fablico en el contexto de su comentario.<\/p><h2 class=\"wp-block-heading\">Medio<\/h2><p><strong class=\"privacy-policy-tutorial\">Texto sugerido: <\/strong>Si subes im\u00e1genes al sitio web, debes evitar subir im\u00e1genes que incluyan datos de ubicaci\u00f3n incrustados (GPS EXIF). Los visitantes del sitio web pueden descargar y extraer cualquier dato de ubicaci\u00f3n de las im\u00e1genes del sitio web.<\/p><h2 class=\"wp-block-heading\">Galletas<\/h2><p><strong class=\"privacy-policy-tutorial\">Texto sugerido: <\/strong>Si dejas un comentario en nuestro sitio, puedes aceptar guardar tu nombre, direcci\u00f3n de correo electr\u00f3nico y sitio web en cookies. Esto es para tu conveniencia, para que no tengas que rellenar tus datos nuevamente cuando dejes otro comentario. Estas cookies durar\u00e1n un a\u00f1o.<\/p><p>Si visita nuestra p\u00e1gina de inicio de sesi\u00f3n, estableceremos una cookie temporal para determinar si su navegador acepta cookies. Esta cookie no contiene datos personales y se descarta cuando cierra su navegador.<\/p><p>Cuando inicies sesi\u00f3n, tambi\u00e9n configuraremos varias cookies para guardar tu informaci\u00f3n de inicio de sesi\u00f3n y tus opciones de visualizaci\u00f3n de pantalla. Las cookies de inicio de sesi\u00f3n duran dos d\u00edas y las cookies de opciones de pantalla duran un a\u00f1o. Si seleccionas \"Recu\u00e9rdame\", tu inicio de sesi\u00f3n persistir\u00e1 durante dos semanas. Si cierras sesi\u00f3n en tu cuenta, se eliminar\u00e1n las cookies de inicio de sesi\u00f3n.<\/p><p>Si edita o publica un art\u00edculo, se guardar\u00e1 una cookie adicional en su navegador. Esta cookie no incluye ning\u00fan dato personal y simplemente indica el ID de la publicaci\u00f3n del art\u00edculo que acaba de editar. Caduca despu\u00e9s de 1 d\u00eda.<\/p><h2 class=\"wp-block-heading\">Contenido incrustado de otros sitios web<\/h2><p><strong class=\"privacy-policy-tutorial\">Texto sugerido: <\/strong>Los art\u00edculos de este sitio pueden incluir contenido incrustado (por ejemplo, videos, im\u00e1genes, art\u00edculos, etc.). El contenido incrustado de otros sitios web se comporta exactamente de la misma manera que si el visitante hubiera visitado el otro sitio web.<\/p><p>Estos sitios web pueden recopilar datos sobre ti, usar cookies, incorporar seguimiento adicional de terceros y supervisar tu interacci\u00f3n con ese contenido incrustado, incluido el seguimiento de tu interacci\u00f3n con el contenido incrustado si tienes una cuenta y has iniciado sesi\u00f3n en ese sitio web.<\/p><h2 class=\"wp-block-heading\">Con qui\u00e9n compartimos tus datos<\/h2><p><strong class=\"privacy-policy-tutorial\">Texto sugerido: <\/strong>Si solicitas un restablecimiento de contrase\u00f1a, tu direcci\u00f3n IP se incluir\u00e1 en el correo electr\u00f3nico de restablecimiento.<\/p><h2 class=\"wp-block-heading\">Cu\u00e1nto tiempo conservamos tus datos<\/h2><p><strong class=\"privacy-policy-tutorial\">Texto sugerido: <\/strong>Si dejas un comentario, el comentario y sus metadatos se conservan indefinidamente. Esto es para que podamos reconocer y aprobar cualquier comentario de seguimiento autom\u00e1ticamente en lugar de mantenerlos en una cola de moderaci\u00f3n.<\/p><p>Para los usuarios que se registren en nuestro sitio web (si los hubiera), tambi\u00e9n almacenamos la informaci\u00f3n personal que proporcionan en su perfil de usuario. Todos los usuarios pueden ver, editar o eliminar su informaci\u00f3n personal en cualquier momento (excepto que no pueden cambiar su nombre de usuario). Los administradores del sitio web tambi\u00e9n pueden ver y editar esa informaci\u00f3n.<\/p><h2 class=\"wp-block-heading\">Qu\u00e9 derechos tiene sobre sus datos<\/h2><p><strong class=\"privacy-policy-tutorial\">Texto sugerido: <\/strong>Si tienes una cuenta en este sitio o has dejado comentarios, puedes solicitar recibir un archivo exportado de los datos personales que tenemos sobre ti, incluyendo cualquier dato que nos hayas proporcionado. Tambi\u00e9n puedes solicitar que borremos cualquier dato personal que tengamos sobre ti. Esto no incluye ning\u00fan dato que estemos obligados a conservar por motivos administrativos, legales o de seguridad.<\/p><h2 class=\"wp-block-heading\">A d\u00f3nde enviamos tus datos<\/h2><p><strong class=\"privacy-policy-tutorial\">Texto sugerido: <\/strong>Los comentarios de los visitantes pueden ser revisados a trav\u00e9s de un servicio automatizado de detecci\u00f3n de spam.<\/p>","protected":false},"excerpt":{"rendered":"<p>Who we are Suggested text: Our website address is: http:\/\/industrium.net. Comments Suggested text: When visitors leave comments on the site we collect the data shown in the comments form, and also the visitor&#8217;s IP address and browser user agent string to&#8230;<\/p>","protected":false},"author":1,"featured_media":0,"parent":0,"menu_order":0,"comment_status":"closed","ping_status":"closed","template":"","meta":{"footnotes":""},"class_list":["post-15998","page","type-page","status-publish","hentry"],"yoast_head":"<!-- This site is optimized with the Yoast SEO plugin v27.4 - https:\/\/yoast.com\/product\/yoast-seo-wordpress\/ -->\n<title>Privacy Policy - Cover Up<\/title>\n<meta name=\"robots\" content=\"index, follow, max-snippet:-1, max-image-preview:large, max-video-preview:-1\" \/>\n<link rel=\"canonical\" href=\"https:\/\/www.coverupsystem.com\/es\/politica-de-privacidad-2\/\" \/>\n<meta property=\"og:locale\" content=\"es_ES\" \/>\n<meta property=\"og:type\" content=\"article\" \/>\n<meta property=\"og:title\" content=\"Privacy Policy - Cover Up\" \/>\n<meta property=\"og:description\" content=\"Who we are Suggested text: Our website address is: http:\/\/industrium.net. Comments Suggested text: When visitors leave comments on the site we collect the data shown in the comments form, and also the visitor&#8217;s IP address and browser user agent string to...\" \/>\n<meta property=\"og:url\" content=\"https:\/\/www.coverupsystem.com\/es\/politica-de-privacidad-2\/\" \/>\n<meta property=\"og:site_name\" content=\"Cover Up\" \/>\n<meta property=\"article:publisher\" content=\"https:\/\/www.facebook.com\/coverupsystem\" \/>\n<meta name=\"twitter:card\" content=\"summary_large_image\" \/>\n<meta name=\"twitter:label1\" content=\"Tiempo de lectura\" \/>\n\t<meta name=\"twitter:data1\" content=\"3 minutos\" \/>\n<script type=\"application\/ld+json\" class=\"yoast-schema-graph\">{\"@context\":\"https:\\\/\\\/schema.org\",\"@graph\":[{\"@type\":\"WebPage\",\"@id\":\"https:\\\/\\\/www.coverupsystem.com\\\/privacy-policy-2\\\/\",\"url\":\"https:\\\/\\\/www.coverupsystem.com\\\/privacy-policy-2\\\/\",\"name\":\"Privacy Policy - Cover Up\",\"isPartOf\":{\"@id\":\"https:\\\/\\\/www.coverupsystem.com\\\/#website\"},\"datePublished\":\"2022-02-14T08:23:41+00:00\",\"breadcrumb\":{\"@id\":\"https:\\\/\\\/www.coverupsystem.com\\\/privacy-policy-2\\\/#breadcrumb\"},\"inLanguage\":\"es\",\"potentialAction\":[{\"@type\":\"ReadAction\",\"target\":[\"https:\\\/\\\/www.coverupsystem.com\\\/privacy-policy-2\\\/\"]}]},{\"@type\":\"BreadcrumbList\",\"@id\":\"https:\\\/\\\/www.coverupsystem.com\\\/privacy-policy-2\\\/#breadcrumb\",\"itemListElement\":[{\"@type\":\"ListItem\",\"position\":1,\"name\":\"Home\",\"item\":\"https:\\\/\\\/www.coverupsystem.com\\\/\"},{\"@type\":\"ListItem\",\"position\":2,\"name\":\"Privacy Policy\"}]},{\"@type\":\"WebSite\",\"@id\":\"https:\\\/\\\/www.coverupsystem.com\\\/#website\",\"url\":\"https:\\\/\\\/www.coverupsystem.com\\\/\",\"name\":\"Cover Up\",\"description\":\"G&amp;G Partners\",\"publisher\":{\"@id\":\"https:\\\/\\\/www.coverupsystem.com\\\/#organization\"},\"potentialAction\":[{\"@type\":\"SearchAction\",\"target\":{\"@type\":\"EntryPoint\",\"urlTemplate\":\"https:\\\/\\\/www.coverupsystem.com\\\/?s={search_term_string}\"},\"query-input\":{\"@type\":\"PropertyValueSpecification\",\"valueRequired\":true,\"valueName\":\"search_term_string\"}}],\"inLanguage\":\"es\"},{\"@type\":\"Organization\",\"@id\":\"https:\\\/\\\/www.coverupsystem.com\\\/#organization\",\"name\":\"G&G Partners\",\"url\":\"https:\\\/\\\/www.coverupsystem.com\\\/\",\"logo\":{\"@type\":\"ImageObject\",\"inLanguage\":\"es\",\"@id\":\"https:\\\/\\\/www.coverupsystem.com\\\/#\\\/schema\\\/logo\\\/image\\\/\",\"url\":\"https:\\\/\\\/www.coverupsystem.com\\\/wp-content\\\/uploads\\\/2023\\\/03\\\/Logo-gg-1.png\",\"contentUrl\":\"https:\\\/\\\/www.coverupsystem.com\\\/wp-content\\\/uploads\\\/2023\\\/03\\\/Logo-gg-1.png\",\"width\":992,\"height\":523,\"caption\":\"G&G Partners\"},\"image\":{\"@id\":\"https:\\\/\\\/www.coverupsystem.com\\\/#\\\/schema\\\/logo\\\/image\\\/\"},\"sameAs\":[\"https:\\\/\\\/www.facebook.com\\\/coverupsystem\",\"https:\\\/\\\/www.linkedin.com\\\/company\\\/74873485\\\/admin\\\/dashboard\\\/\",\"https:\\\/\\\/www.instagram.com\\\/gegpartners\\\/\"]}]}<\/script>\n<!-- \/ Yoast SEO plugin. -->","yoast_head_json":{"title":"Pol\u00edtica de privacidad - Cubrir","robots":{"index":"index","follow":"follow","max-snippet":"max-snippet:-1","max-image-preview":"max-image-preview:large","max-video-preview":"max-video-preview:-1"},"canonical":"https:\/\/www.coverupsystem.com\/es\/politica-de-privacidad-2\/","og_locale":"es_ES","og_type":"article","og_title":"Privacy Policy - Cover Up","og_description":"Who we are Suggested text: Our website address is: http:\/\/industrium.net. Comments Suggested text: When visitors leave comments on the site we collect the data shown in the comments form, and also the visitor&#8217;s IP address and browser user agent string to...","og_url":"https:\/\/www.coverupsystem.com\/es\/politica-de-privacidad-2\/","og_site_name":"Cover Up","article_publisher":"https:\/\/www.facebook.com\/coverupsystem","twitter_card":"summary_large_image","twitter_misc":{"Tiempo de lectura":"3 minutos"},"schema":{"@context":"https:\/\/schema.org","@graph":[{"@type":"WebPage","@id":"https:\/\/www.coverupsystem.com\/privacy-policy-2\/","url":"https:\/\/www.coverupsystem.com\/privacy-policy-2\/","name":"Pol\u00edtica de privacidad - Cubrir","isPartOf":{"@id":"https:\/\/www.coverupsystem.com\/#website"},"datePublished":"2022-02-14T08:23:41+00:00","breadcrumb":{"@id":"https:\/\/www.coverupsystem.com\/privacy-policy-2\/#breadcrumb"},"inLanguage":"es","potentialAction":[{"@type":"ReadAction","target":["https:\/\/www.coverupsystem.com\/privacy-policy-2\/"]}]},{"@type":"BreadcrumbList","@id":"https:\/\/www.coverupsystem.com\/privacy-policy-2\/#breadcrumb","itemListElement":[{"@type":"ListItem","position":1,"name":"Home","item":"https:\/\/www.coverupsystem.com\/"},{"@type":"ListItem","position":2,"name":"Privacy Policy"}]},{"@type":"WebSite","@id":"https:\/\/www.coverupsystem.com\/#website","url":"https:\/\/www.coverupsystem.com\/","name":"Tapar","description":"G&amp;G Socios","publisher":{"@id":"https:\/\/www.coverupsystem.com\/#organization"},"potentialAction":[{"@type":"SearchAction","target":{"@type":"EntryPoint","urlTemplate":"https:\/\/www.coverupsystem.com\/?s={search_term_string}"},"query-input":{"@type":"PropertyValueSpecification","valueRequired":true,"valueName":"search_term_string"}}],"inLanguage":"es"},{"@type":"Organization","@id":"https:\/\/www.coverupsystem.com\/#organization","name":"G&amp;G Socios","url":"https:\/\/www.coverupsystem.com\/","logo":{"@type":"ImageObject","inLanguage":"es","@id":"https:\/\/www.coverupsystem.com\/#\/schema\/logo\/image\/","url":"https:\/\/www.coverupsystem.com\/wp-content\/uploads\/2023\/03\/Logo-gg-1.png","contentUrl":"https:\/\/www.coverupsystem.com\/wp-content\/uploads\/2023\/03\/Logo-gg-1.png","width":992,"height":523,"caption":"G&G Partners"},"image":{"@id":"https:\/\/www.coverupsystem.com\/#\/schema\/logo\/image\/"},"sameAs":["https:\/\/www.facebook.com\/coverupsystem","https:\/\/www.linkedin.com\/company\/74873485\/admin\/dashboard\/","https:\/\/www.instagram.com\/gegpartners\/"]}]}},"_links":{"self":[{"href":"https:\/\/www.coverupsystem.com\/es\/wp-json\/wp\/v2\/pages\/15998","targetHints":{"allow":["GET"]}}],"collection":[{"href":"https:\/\/www.coverupsystem.com\/es\/wp-json\/wp\/v2\/pages"}],"about":[{"href":"https:\/\/www.coverupsystem.com\/es\/wp-json\/wp\/v2\/types\/page"}],"author":[{"embeddable":true,"href":"https:\/\/www.coverupsystem.com\/es\/wp-json\/wp\/v2\/users\/1"}],"replies":[{"embeddable":true,"href":"https:\/\/www.coverupsystem.com\/es\/wp-json\/wp\/v2\/comments?post=15998"}],"version-history":[{"count":0,"href":"https:\/\/www.coverupsystem.com\/es\/wp-json\/wp\/v2\/pages\/15998\/revisions"}],"wp:attachment":[{"href":"https:\/\/www.coverupsystem.com\/es\/wp-json\/wp\/v2\/media?parent=15998"}],"curies":[{"name":"wp","href":"https:\/\/api.w.org\/{rel}","templated":true}]}}