{"id":19079,"date":"2023-11-15T17:34:05","date_gmt":"2023-11-15T17:34:05","guid":{"rendered":"https:\/\/www.coverupsystem.com\/cookie-policy-ue\/"},"modified":"2025-12-05T09:45:08","modified_gmt":"2025-12-05T09:45:08","slug":"cookie-policy-ue","status":"publish","type":"page","link":"https:\/\/www.coverupsystem.com\/es\/politica-de-cookies-ue\/","title":{"rendered":"Pol\u00edtica de Cookies (UE)"},"content":{"rendered":"<!-- Legal document generated by Complianz | GDPR\/CCPA Cookie Consent https:\/\/wordpress.org\/plugins\/complianz-gdpr -->\n<div id=\"cmplz-document\" class=\"cmplz-document cookie-statement cmplz-document-eu\"><p><i>Esta pol\u00edtica de cookies fue actualizada por \u00faltima vez el 15 de noviembre de 2023 y se aplica a los ciudadanos y residentes legales permanentes del Espacio Econ\u00f3mico Europeo y Suiza.<\/i><br><\/p><h2>1. Introducci\u00f3n<\/h2><p>Nuestra p\u00e1gina web, <a href=\"https:\/\/www.coverupsystem.com\/es\">https:\/\/www.coverupsystem.com\/es<\/a> (en adelante: \u00abla web\u00bb) utiliza cookies y otras tecnolog\u00edas relacionadas (a efectos de comodidad, todas las tecnolog\u00edas se denominar\u00e1n \u00abcookies\u00bb). Los terceros para quienes hemos contratado tambi\u00e9n pueden colocar cookies. En la siguiente explicaci\u00f3n, te informamos sobre el uso de cookies en nuestra web.<\/p><h2>Las cookies son peque\u00f1os archivos de texto que los sitios web que visitas guardan en tu ordenador.<\/h2><p>Una cookie es un peque\u00f1o archivo que se env\u00eda junto con las p\u00e1ginas de este sitio web y que tu navegador almacena en el disco duro de tu ordenador u otro dispositivo. La informaci\u00f3n almacenada puede ser devuelta a nuestros servidores o a los servidores de terceros apropiados durante una visita posterior.<\/p><h2>3. \u00bfQu\u00e9 son los scripts?<\/h2><p>Un script es un fragmento de c\u00f3digo de programa que se utiliza para que nuestra web funcione correctamente y de forma interactiva. Este c\u00f3digo se ejecuta en nuestro servidor o en tu dispositivo.<\/p><h2>4. \u00bfQu\u00e9 es una baliza web?<\/h2><p>Una baliza web (o etiqueta p\u00edxel) es una peque\u00f1a pieza de texto o imagen invisible en una p\u00e1gina web utilizada para monitorear el tr\u00e1fico de dicha p\u00e1gina. Para ello, se almacenan varios datos sobre usted mediante estas balizas web.<\/p><h2>5. Galletas<\/h2><p class=\"cmplz-subtitle\">5.1 Cookies t\u00e9cnicas o funcionales<\/p><p>Algunas cookies aseguran que ciertas partes de la web funcionen correctamente y que tus preferencias de usuario sigan record\u00e1ndose. Al colocar cookies funcionales, te facilitamos la visita a nuestra web. De esta manera, no necesitas introducir repetidamente la misma informaci\u00f3n cuando visitas nuestra web y, por ejemplo, los art\u00edculos permanecen en tu cesta de la compra hasta que hayas pagado. Podemos colocar estas cookies sin tu consentimiento.<\/p><p class=\"cmplz-subtitle\">5.2 Cookies de estad\u00edsticas<\/p><p>Utilizamos cookies estad\u00edsticas para optimizar la experiencia de la web para nuestros usuarios. Con estas cookies estad\u00edsticas obtenemos informaci\u00f3n sobre el uso de nuestra web. Te pedimos tu permiso para colocar cookies de estad\u00edsticas.<\/p><h2>6. Cookies usadas<\/h2><div id=\"cmplz-cookies-overview\"><details class=\"cmplz-dropdown cmplz-service-desc cmplz-dropdown-cookiepolicy\">\n\t<summary class=\"cmplz-service-header\"><div>\n\t\t<h3>Varios<\/h3>\n\t\t<p>Prop\u00f3sito pendiente de investigaci\u00f3n<\/p>\n\t\t<label for=\"cmplz_service_varios\" class=\"cmplz_consent_per_service_label\"><span class=\"screen-reader-text\">Consent to service varios<\/span><\/label>\n\t\t<input type=\"checkbox\" id=\"cmplz_service_varios\" class=\"cmplz-accept-service cmplz-hidden\" data-service=\"varios\" data-category=\"functional\"><\/div>\n\t<\/summary>\n\t<div class=\"cmplz-service-description\">\n\t\t<h4>Uso<\/h4>\n\t\t<p><\/p>\n\t<\/div>\n\t<div class=\"cmplz-sharing-data\">\n\t\t<h4>Compartir datos<\/h4>\n\t\t<p>El intercambio de datos est\u00e1 pendiente de investigaci\u00f3n<\/p>\n\t<\/div>\n\t<div class=\"cookies-per-purpose\">\n    <div class=\"purpose\"><h4>Prop\u00f3sito pendiente de investigaci\u00f3n<\/h4><\/div>\n    <div class=\"name-header\">\n\t<h5>Nombre<\/h5>\n<\/div>\n<div class=\"name\">elementor<\/div>\n<div class=\"retention-header\">\n\t<h5>Caducidad<\/h5>\n<\/div>\n<div class=\"retention\"><\/div>\n<div class=\"function-header\">\n\t<h5>Funci\u00f3n<\/h5>\n<\/div>\n<div class=\"function\"><\/div>\n<div class=\"name-header\">\n\t<h5>Nombre<\/h5>\n<\/div>\n<div class=\"name\">e_globales<\/div>\n<div class=\"retention-header\">\n\t<h5>Caducidad<\/h5>\n<\/div>\n<div class=\"retention\"><\/div>\n<div class=\"function-header\">\n\t<h5>Funci\u00f3n<\/h5>\n<\/div>\n<div class=\"function\"><\/div>\n<div class=\"name-header\">\n\t<h5>Nombre<\/h5>\n<\/div>\n<div class=\"name\">e_kit-elementos-predeterminados<\/div>\n<div class=\"retention-header\">\n\t<h5>Caducidad<\/h5>\n<\/div>\n<div class=\"retention\"><\/div>\n<div class=\"function-header\">\n\t<h5>Funci\u00f3n<\/h5>\n<\/div>\n<div class=\"function\"><\/div>\n<div class=\"name-header\">\n\t<h5>Nombre<\/h5>\n<\/div>\n<div class=\"name\">_ga<\/div>\n<div class=\"retention-header\">\n\t<h5>Caducidad<\/h5>\n<\/div>\n<div class=\"retention\"><\/div>\n<div class=\"function-header\">\n\t<h5>Funci\u00f3n<\/h5>\n<\/div>\n<div class=\"function\"><\/div>\n<div class=\"name-header\">\n\t<h5>Nombre<\/h5>\n<\/div>\n<div class=\"name\">cmplz_banner-estado<\/div>\n<div class=\"retention-header\">\n\t<h5>Caducidad<\/h5>\n<\/div>\n<div class=\"retention\" data-no-translation=\"\" data-trp-gettext=\"\">365 d\u00edas<\/div>\n<div class=\"function-header\">\n\t<h5>Funci\u00f3n<\/h5>\n<\/div>\n<div class=\"function\"><\/div>\n<div class=\"name-header\">\n\t<h5>Nombre<\/h5>\n<\/div>\n<div class=\"name\">cmplz_id_pol\u00edtica<\/div>\n<div class=\"retention-header\">\n\t<h5>Caducidad<\/h5>\n<\/div>\n<div class=\"retention\" data-no-translation=\"\" data-trp-gettext=\"\">365 d\u00edas<\/div>\n<div class=\"function-header\">\n\t<h5>Funci\u00f3n<\/h5>\n<\/div>\n<div class=\"function\"><\/div>\n<div class=\"name-header\">\n\t<h5>Nombre<\/h5>\n<\/div>\n<div class=\"name\">cmplz_marketing<\/div>\n<div class=\"retention-header\">\n\t<h5>Caducidad<\/h5>\n<\/div>\n<div class=\"retention\" data-no-translation=\"\" data-trp-gettext=\"\">365 d\u00edas<\/div>\n<div class=\"function-header\">\n\t<h5>Funci\u00f3n<\/h5>\n<\/div>\n<div class=\"function\"><\/div>\n<div class=\"name-header\">\n\t<h5>Nombre<\/h5>\n<\/div>\n<div class=\"name\">cmplz_estadisticas<\/div>\n<div class=\"retention-header\">\n\t<h5>Caducidad<\/h5>\n<\/div>\n<div class=\"retention\" data-no-translation=\"\" data-trp-gettext=\"\">365 d\u00edas<\/div>\n<div class=\"function-header\">\n\t<h5>Funci\u00f3n<\/h5>\n<\/div>\n<div class=\"function\"><\/div>\n<div class=\"name-header\">\n\t<h5>Nombre<\/h5>\n<\/div>\n<div class=\"name\">cmplz_preferencias<\/div>\n<div class=\"retention-header\">\n\t<h5>Caducidad<\/h5>\n<\/div>\n<div class=\"retention\" data-no-translation=\"\" data-trp-gettext=\"\">365 d\u00edas<\/div>\n<div class=\"function-header\">\n\t<h5>Funci\u00f3n<\/h5>\n<\/div>\n<div class=\"function\"><\/div>\n<div class=\"name-header\">\n\t<h5>Nombre<\/h5>\n<\/div>\n<div class=\"name\">cmplz_funcional<\/div>\n<div class=\"retention-header\">\n\t<h5>Caducidad<\/h5>\n<\/div>\n<div class=\"retention\" data-no-translation=\"\" data-trp-gettext=\"\">365 d\u00edas<\/div>\n<div class=\"function-header\">\n\t<h5>Funci\u00f3n<\/h5>\n<\/div>\n<div class=\"function\"><\/div>\n<div class=\"name-header\">\n\t<h5>Nombre<\/h5>\n<\/div>\n<div class=\"name\">cmplz_servicios_consentidos<\/div>\n<div class=\"retention-header\">\n\t<h5>Caducidad<\/h5>\n<\/div>\n<div class=\"retention\" data-no-translation=\"\" data-trp-gettext=\"\">365 d\u00edas<\/div>\n<div class=\"function-header\">\n\t<h5>Funci\u00f3n<\/h5>\n<\/div>\n<div class=\"function\"><\/div>\n<div class=\"name-header\">\n\t<h5>Nombre<\/h5>\n<\/div>\n<div class=\"name\">wp-settings-1<\/div>\n<div class=\"retention-header\">\n\t<h5>Caducidad<\/h5>\n<\/div>\n<div class=\"retention\"><\/div>\n<div class=\"function-header\">\n\t<h5>Funci\u00f3n<\/h5>\n<\/div>\n<div class=\"function\"><\/div>\n<div class=\"name-header\">\n\t<h5>Nombre<\/h5>\n<\/div>\n<div class=\"name\">wp-settings-time-1<\/div>\n<div class=\"retention-header\">\n\t<h5>Caducidad<\/h5>\n<\/div>\n<div class=\"retention\"><\/div>\n<div class=\"function-header\">\n\t<h5>Funci\u00f3n<\/h5>\n<\/div>\n<div class=\"function\"><\/div>\n<div class=\"name-header\">\n\t<h5>Nombre<\/h5>\n<\/div>\n<div class=\"name\">wp-settings-2<\/div>\n<div class=\"retention-header\">\n\t<h5>Caducidad<\/h5>\n<\/div>\n<div class=\"retention\"><\/div>\n<div class=\"function-header\">\n\t<h5>Funci\u00f3n<\/h5>\n<\/div>\n<div class=\"function\"><\/div>\n<div class=\"name-header\">\n\t<h5>Nombre<\/h5>\n<\/div>\n<div class=\"name\">wp-config-time-2<\/div>\n<div class=\"retention-header\">\n\t<h5>Caducidad<\/h5>\n<\/div>\n<div class=\"retention\"><\/div>\n<div class=\"function-header\">\n\t<h5>Funci\u00f3n<\/h5>\n<\/div>\n<div class=\"function\"><\/div>\n<div class=\"name-header\">\n\t<h5>Nombre<\/h5>\n<\/div>\n<div class=\"name\">_ga_W4BJS6N94E<\/div>\n<div class=\"retention-header\">\n\t<h5>Caducidad<\/h5>\n<\/div>\n<div class=\"retention\"><\/div>\n<div class=\"function-header\">\n\t<h5>Funci\u00f3n<\/h5>\n<\/div>\n<div class=\"function\"><\/div>\n<div class=\"name-header\">\n\t<h5>Nombre<\/h5>\n<\/div>\n<div class=\"name\">wordpress_logged_in_79ad0128eeb528647f2f59b07153055e<\/div>\n<div class=\"retention-header\">\n\t<h5>Caducidad<\/h5>\n<\/div>\n<div class=\"retention\"><\/div>\n<div class=\"function-header\">\n\t<h5>Funci\u00f3n<\/h5>\n<\/div>\n<div class=\"function\"><\/div>\n<div class=\"name-header\">\n\t<h5>Nombre<\/h5>\n<\/div>\n<div class=\"name\">wordpress_test_cookie<\/div>\n<div class=\"retention-header\">\n\t<h5>Caducidad<\/h5>\n<\/div>\n<div class=\"retention\"><\/div>\n<div class=\"function-header\">\n\t<h5>Funci\u00f3n<\/h5>\n<\/div>\n<div class=\"function\"><\/div>\n<div class=\"name-header\">\n\t<h5>Nombre<\/h5>\n<\/div>\n<div class=\"name\">PHPSESSID<\/div>\n<div class=\"retention-header\">\n\t<h5>Caducidad<\/h5>\n<\/div>\n<div class=\"retention\"><\/div>\n<div class=\"function-header\">\n\t<h5>Funci\u00f3n<\/h5>\n<\/div>\n<div class=\"function\"><\/div>\n<div class=\"name-header\">\n\t<h5>Nombre<\/h5>\n<\/div>\n<div class=\"name\">wp-settings-5<\/div>\n<div class=\"retention-header\">\n\t<h5>Caducidad<\/h5>\n<\/div>\n<div class=\"retention\"><\/div>\n<div class=\"function-header\">\n\t<h5>Funci\u00f3n<\/h5>\n<\/div>\n<div class=\"function\"><\/div>\n<div class=\"name-header\">\n\t<h5>Nombre<\/h5>\n<\/div>\n<div class=\"name\">wp-configuraci\u00f3n-hora-5<\/div>\n<div class=\"retention-header\">\n\t<h5>Caducidad<\/h5>\n<\/div>\n<div class=\"retention\"><\/div>\n<div class=\"function-header\">\n\t<h5>Funci\u00f3n<\/h5>\n<\/div>\n<div class=\"function\"><\/div>\n<div class=\"name-header\">\n\t<h5>Nombre<\/h5>\n<\/div>\n<div class=\"name\">wp_lang<\/div>\n<div class=\"retention-header\">\n\t<h5>Caducidad<\/h5>\n<\/div>\n<div class=\"retention\"><\/div>\n<div class=\"function-header\">\n\t<h5>Funci\u00f3n<\/h5>\n<\/div>\n<div class=\"function\"><\/div>\n<div class=\"name-header\">\n\t<h5>Nombre<\/h5>\n<\/div>\n<div class=\"name\">wpEmojiSettingsSupports<\/div>\n<div class=\"retention-header\">\n\t<h5>Caducidad<\/h5>\n<\/div>\n<div class=\"retention\"><\/div>\n<div class=\"function-header\">\n\t<h5>Funci\u00f3n<\/h5>\n<\/div>\n<div class=\"function\"><\/div>\n<div class=\"name-header\">\n\t<h5>Nombre<\/h5>\n<\/div>\n<div class=\"name\">AMP_unsent_8f1ede8e9c<\/div>\n<div class=\"retention-header\">\n\t<h5>Caducidad<\/h5>\n<\/div>\n<div class=\"retention\"><\/div>\n<div class=\"function-header\">\n\t<h5>Funci\u00f3n<\/h5>\n<\/div>\n<div class=\"function\"><\/div>\n<div class=\"name-header\">\n\t<h5>Nombre<\/h5>\n<\/div>\n<div class=\"name\">AMP_MKTG_8f1ede8e9c<\/div>\n<div class=\"retention-header\">\n\t<h5>Caducidad<\/h5>\n<\/div>\n<div class=\"retention\"><\/div>\n<div class=\"function-header\">\n\t<h5>Funci\u00f3n<\/h5>\n<\/div>\n<div class=\"function\"><\/div>\n<div class=\"name-header\">\n\t<h5>Nombre<\/h5>\n<\/div>\n<div class=\"name\">AMP_8f1ede8e9c<\/div>\n<div class=\"retention-header\">\n\t<h5>Caducidad<\/h5>\n<\/div>\n<div class=\"retention\"><\/div>\n<div class=\"function-header\">\n\t<h5>Funci\u00f3n<\/h5>\n<\/div>\n<div class=\"function\"><\/div>\n\n<\/div>\n<\/details>\n<\/div><h2>7. Consentimiento<\/h2><p>Cuando visites nuestro sitio web por primera vez, te mostraremos una ventana emergente con una explicaci\u00f3n sobre las cookies. Tan pronto como hagas clic en \u00abGuardar preferencias\u00bb, aceptas que usemos las categor\u00edas de cookies y plugins que has seleccionado en la ventana emergente, tal y como se describe en esta pol\u00edtica de cookies. Puedes desactivar el uso de cookies a trav\u00e9s de tu navegador, pero, por favor, ten en cuenta que nuestro sitio web puede dejar de funcionar correctamente.<\/p><p class=\"cmplz-subtitle\">7.1 Gestiona tus ajustes de consentimiento<\/p><div id=\"cmplz-manage-consent-container-nojavascript\">Has cargado la pol\u00edtica de cookies sin compatibilidad con JavaScript.&nbsp;En AMP, puedes utilizar el bot\u00f3n de gestionar el consentimiento en la parte inferior de la p\u00e1gina.<\/div><div id=\"cmplz-manage-consent-container\" class=\"cmplz-manage-consent-container\"><\/div><h2>8. Activaci\u00f3n\/desactivaci\u00f3n y eliminaci\u00f3n de cookies<\/h2><p>Puede utilizar su navegador de Internet para eliminar las cookies de forma autom\u00e1tica o manual. Tambi\u00e9n puede especificar que ciertas cookies no se pueden colocar. Otra opci\u00f3n es cambiar la configuraci\u00f3n de su navegador de Internet para recibir un mensaje cada vez que se coloque una cookie. Para obtener m\u00e1s informaci\u00f3n sobre estas opciones, consulte las instrucciones de la secci\u00f3n \u00abAyuda\u00bb de su navegador.<\/p><p>Tenga en cuenta que nuestro sitio web podr\u00eda no funcionar correctamente si todas las cookies est\u00e1n desactivadas. Si elimina las cookies de su navegador, se volver\u00e1n a colocar despu\u00e9s de su consentimiento cuando vuelva a visitar nuestros sitios web.<\/p><h2>9. Tus derechos con respecto a los datos personales<\/h2><p>Tienes los siguientes derechos con respecto a tus datos personales:<\/p><ul>\n                    <li>Tiene derecho a saber por qu\u00e9 se necesitan sus datos personales, qu\u00e9 suceder\u00e1 con ellos y por cu\u00e1nto tiempo se conservar\u00e1n.<\/li>\n                    <li>Derecho de acceso: tienes derecho a acceder a tus datos personales que conocemos.<\/li>\n                    <li>Derecho de rectificaci\u00f3n: tienes derecho a completar, rectificar, borrar o bloquear tus datos personales cuando lo desees.<\/li>\n                    <li>Si nos das tu consentimiento para procesar tus datos, tienes derecho a revocarlo y a que se eliminen tus datos personales.<\/li>\n                    <li>Derecho de cesi\u00f3n de tus datos: tienes derecho a solicitar todos tus datos personales al responsable del tratamiento y a transferirlos \u00edntegramente a otro responsable del tratamiento.<\/li>\n                    <li>Derecho de oposici\u00f3n: puedes oponerte al tratamiento de tus datos. Nosotros cumplimos con esto, a menos que existan motivos justificados para el procesamiento.<\/li>\n                <\/ul><p>Para ejercer estos derechos, por favor, contacte con nosotros. Por favor, consulte los detalles de contacto en la parte inferior de esta pol\u00edtica de cookies. Si tiene alguna queja sobre c\u00f3mo gestionamos sus datos, nos gustar\u00eda que nos la hiciera saber, pero tambi\u00e9n tiene derecho a presentar una queja ante la autoridad supervisora (la autoridad de protecci\u00f3n de datos).<\/p><h2>10. Datos de contacto<\/h2><p>Para preguntas y\/o comentarios sobre nuestra pol\u00edtica de cookies y esta declaraci\u00f3n, por favor, contacta con nosotros usando los siguientes datos de contacto:<\/p><p><span class=\"cmplz-contact-organisation\">G&amp;G Socios<\/span><br>\n                      <span class=\"cmplz-contact-address\">Via Gabriele D'Annunzio, 9, 25018 Montichiari BS<\/span><br>\n                      <span class=\"cmplz-contact-country\">Italia<\/span><br>\n                    Web <span class=\"cmplz-contact-domain\"><a href=\"https:\/\/www.coverupsystem.com\/es\">https:\/\/www.coverupsystem.com\/es<\/a><\/span><br>\n                    Email: <span class=\"cmplz-contact-email\"><span class=\"cmplz-obfuscate\">mo&#099;&#x2e;metsys&#x70;ur&#x65;voc&#x40;&#x6f;fni<\/span><\/span><br>\n                    <span class=\"cmplz-contact-telephone\"><\/span><\/p><p>Esta pol\u00edtica de cookies se ha sincronizado con <a href=\"https:\/\/cookiedatabase.org\/\" target=\"_blank\">cookiedatabase.org<\/a> el 15 de nov. de 2023.<\/p><\/div>","protected":false},"excerpt":{"rendered":"","protected":false},"author":2,"featured_media":0,"parent":0,"menu_order":0,"comment_status":"closed","ping_status":"closed","template":"","meta":{"footnotes":""},"class_list":["post-19079","page","type-page","status-publish","hentry"],"yoast_head":"<!-- This site is optimized with the Yoast SEO plugin v27.4 - https:\/\/yoast.com\/product\/yoast-seo-wordpress\/ -->\n<title>Miglioriamo navigazione tramite cookieCookie Policy (UE) - Cover Up<\/title>\n<meta name=\"description\" content=\"La tua privacy \u00e8 importante. Accetta o personalizza le tue preferenze sui cookie per un&#039;esperienza migliore.\" \/>\n<meta name=\"robots\" content=\"index, follow, max-snippet:-1, max-image-preview:large, max-video-preview:-1\" \/>\n<link rel=\"canonical\" href=\"https:\/\/www.coverupsystem.com\/es\/politica-de-cookies-ue\/\" \/>\n<meta property=\"og:locale\" content=\"es_ES\" \/>\n<meta property=\"og:type\" content=\"article\" \/>\n<meta property=\"og:title\" content=\"Miglioriamo navigazione tramite cookieCookie Policy (UE) - Cover Up\" \/>\n<meta property=\"og:description\" content=\"La tua privacy \u00e8 importante. Accetta o personalizza le tue preferenze sui cookie per un&#039;esperienza migliore.\" \/>\n<meta property=\"og:url\" content=\"https:\/\/www.coverupsystem.com\/es\/politica-de-cookies-ue\/\" \/>\n<meta property=\"og:site_name\" content=\"Cover Up\" \/>\n<meta property=\"article:publisher\" content=\"https:\/\/www.facebook.com\/coverupsystem\" \/>\n<meta property=\"article:modified_time\" content=\"2025-12-05T09:45:08+00:00\" \/>\n<meta name=\"twitter:card\" content=\"summary_large_image\" \/>\n<meta name=\"twitter:label1\" content=\"Tiempo de lectura\" \/>\n\t<meta name=\"twitter:data1\" content=\"1 minuto\" \/>\n<script type=\"application\/ld+json\" class=\"yoast-schema-graph\">{\"@context\":\"https:\\\/\\\/schema.org\",\"@graph\":[{\"@type\":\"WebPage\",\"@id\":\"https:\\\/\\\/www.coverupsystem.com\\\/cookie-policy-ue\\\/\",\"url\":\"https:\\\/\\\/www.coverupsystem.com\\\/cookie-policy-ue\\\/\",\"name\":\"Miglioriamo navigazione tramite cookieCookie Policy (UE) - Cover Up\",\"isPartOf\":{\"@id\":\"https:\\\/\\\/www.coverupsystem.com\\\/#website\"},\"datePublished\":\"2023-11-15T17:34:05+00:00\",\"dateModified\":\"2025-12-05T09:45:08+00:00\",\"description\":\"La tua privacy \u00e8 importante. Accetta o personalizza le tue preferenze sui cookie per un'esperienza migliore.\",\"breadcrumb\":{\"@id\":\"https:\\\/\\\/www.coverupsystem.com\\\/cookie-policy-ue\\\/#breadcrumb\"},\"inLanguage\":\"es\",\"potentialAction\":[{\"@type\":\"ReadAction\",\"target\":[\"https:\\\/\\\/www.coverupsystem.com\\\/cookie-policy-ue\\\/\"]}]},{\"@type\":\"BreadcrumbList\",\"@id\":\"https:\\\/\\\/www.coverupsystem.com\\\/cookie-policy-ue\\\/#breadcrumb\",\"itemListElement\":[{\"@type\":\"ListItem\",\"position\":1,\"name\":\"Home\",\"item\":\"https:\\\/\\\/www.coverupsystem.com\\\/\"},{\"@type\":\"ListItem\",\"position\":2,\"name\":\"Cookie Policy (UE)\"}]},{\"@type\":\"WebSite\",\"@id\":\"https:\\\/\\\/www.coverupsystem.com\\\/#website\",\"url\":\"https:\\\/\\\/www.coverupsystem.com\\\/\",\"name\":\"Cover Up\",\"description\":\"G&amp;G Partners\",\"publisher\":{\"@id\":\"https:\\\/\\\/www.coverupsystem.com\\\/#organization\"},\"potentialAction\":[{\"@type\":\"SearchAction\",\"target\":{\"@type\":\"EntryPoint\",\"urlTemplate\":\"https:\\\/\\\/www.coverupsystem.com\\\/?s={search_term_string}\"},\"query-input\":{\"@type\":\"PropertyValueSpecification\",\"valueRequired\":true,\"valueName\":\"search_term_string\"}}],\"inLanguage\":\"es\"},{\"@type\":\"Organization\",\"@id\":\"https:\\\/\\\/www.coverupsystem.com\\\/#organization\",\"name\":\"G&G Partners\",\"url\":\"https:\\\/\\\/www.coverupsystem.com\\\/\",\"logo\":{\"@type\":\"ImageObject\",\"inLanguage\":\"es\",\"@id\":\"https:\\\/\\\/www.coverupsystem.com\\\/#\\\/schema\\\/logo\\\/image\\\/\",\"url\":\"https:\\\/\\\/www.coverupsystem.com\\\/wp-content\\\/uploads\\\/2023\\\/03\\\/Logo-gg-1.png\",\"contentUrl\":\"https:\\\/\\\/www.coverupsystem.com\\\/wp-content\\\/uploads\\\/2023\\\/03\\\/Logo-gg-1.png\",\"width\":992,\"height\":523,\"caption\":\"G&G Partners\"},\"image\":{\"@id\":\"https:\\\/\\\/www.coverupsystem.com\\\/#\\\/schema\\\/logo\\\/image\\\/\"},\"sameAs\":[\"https:\\\/\\\/www.facebook.com\\\/coverupsystem\",\"https:\\\/\\\/www.linkedin.com\\\/company\\\/74873485\\\/admin\\\/dashboard\\\/\",\"https:\\\/\\\/www.instagram.com\\\/gegpartners\\\/\"]}]}<\/script>\n<!-- \/ Yoast SEO plugin. -->","yoast_head_json":{"title":"Mejora de la navegaci\u00f3n mediante cookies - Pol\u00edtica de cookies (UE) - Cover Up","description":"Tu privacidad es importante. Acepta o personaliza tus preferencias de cookies para una mejor experiencia.","robots":{"index":"index","follow":"follow","max-snippet":"max-snippet:-1","max-image-preview":"max-image-preview:large","max-video-preview":"max-video-preview:-1"},"canonical":"https:\/\/www.coverupsystem.com\/es\/politica-de-cookies-ue\/","og_locale":"es_ES","og_type":"article","og_title":"Miglioriamo navigazione tramite cookieCookie Policy (UE) - Cover Up","og_description":"La tua privacy \u00e8 importante. Accetta o personalizza le tue preferenze sui cookie per un'esperienza migliore.","og_url":"https:\/\/www.coverupsystem.com\/es\/politica-de-cookies-ue\/","og_site_name":"Cover Up","article_publisher":"https:\/\/www.facebook.com\/coverupsystem","article_modified_time":"2025-12-05T09:45:08+00:00","twitter_card":"summary_large_image","twitter_misc":{"Tiempo de lectura":"1 minuto"},"schema":{"@context":"https:\/\/schema.org","@graph":[{"@type":"WebPage","@id":"https:\/\/www.coverupsystem.com\/cookie-policy-ue\/","url":"https:\/\/www.coverupsystem.com\/cookie-policy-ue\/","name":"Mejora de la navegaci\u00f3n mediante cookies - Pol\u00edtica de cookies (UE) - Cover Up","isPartOf":{"@id":"https:\/\/www.coverupsystem.com\/#website"},"datePublished":"2023-11-15T17:34:05+00:00","dateModified":"2025-12-05T09:45:08+00:00","description":"Tu privacidad es importante. Acepta o personaliza tus preferencias de cookies para una mejor experiencia.","breadcrumb":{"@id":"https:\/\/www.coverupsystem.com\/cookie-policy-ue\/#breadcrumb"},"inLanguage":"es","potentialAction":[{"@type":"ReadAction","target":["https:\/\/www.coverupsystem.com\/cookie-policy-ue\/"]}]},{"@type":"BreadcrumbList","@id":"https:\/\/www.coverupsystem.com\/cookie-policy-ue\/#breadcrumb","itemListElement":[{"@type":"ListItem","position":1,"name":"Home","item":"https:\/\/www.coverupsystem.com\/"},{"@type":"ListItem","position":2,"name":"Cookie Policy (UE)"}]},{"@type":"WebSite","@id":"https:\/\/www.coverupsystem.com\/#website","url":"https:\/\/www.coverupsystem.com\/","name":"Tapar","description":"G&amp;G Socios","publisher":{"@id":"https:\/\/www.coverupsystem.com\/#organization"},"potentialAction":[{"@type":"SearchAction","target":{"@type":"EntryPoint","urlTemplate":"https:\/\/www.coverupsystem.com\/?s={search_term_string}"},"query-input":{"@type":"PropertyValueSpecification","valueRequired":true,"valueName":"search_term_string"}}],"inLanguage":"es"},{"@type":"Organization","@id":"https:\/\/www.coverupsystem.com\/#organization","name":"G&amp;G Socios","url":"https:\/\/www.coverupsystem.com\/","logo":{"@type":"ImageObject","inLanguage":"es","@id":"https:\/\/www.coverupsystem.com\/#\/schema\/logo\/image\/","url":"https:\/\/www.coverupsystem.com\/wp-content\/uploads\/2023\/03\/Logo-gg-1.png","contentUrl":"https:\/\/www.coverupsystem.com\/wp-content\/uploads\/2023\/03\/Logo-gg-1.png","width":992,"height":523,"caption":"G&G Partners"},"image":{"@id":"https:\/\/www.coverupsystem.com\/#\/schema\/logo\/image\/"},"sameAs":["https:\/\/www.facebook.com\/coverupsystem","https:\/\/www.linkedin.com\/company\/74873485\/admin\/dashboard\/","https:\/\/www.instagram.com\/gegpartners\/"]}]}},"_links":{"self":[{"href":"https:\/\/www.coverupsystem.com\/es\/wp-json\/wp\/v2\/pages\/19079","targetHints":{"allow":["GET"]}}],"collection":[{"href":"https:\/\/www.coverupsystem.com\/es\/wp-json\/wp\/v2\/pages"}],"about":[{"href":"https:\/\/www.coverupsystem.com\/es\/wp-json\/wp\/v2\/types\/page"}],"author":[{"embeddable":true,"href":"https:\/\/www.coverupsystem.com\/es\/wp-json\/wp\/v2\/users\/2"}],"replies":[{"embeddable":true,"href":"https:\/\/www.coverupsystem.com\/es\/wp-json\/wp\/v2\/comments?post=19079"}],"version-history":[{"count":1,"href":"https:\/\/www.coverupsystem.com\/es\/wp-json\/wp\/v2\/pages\/19079\/revisions"}],"predecessor-version":[{"id":19080,"href":"https:\/\/www.coverupsystem.com\/es\/wp-json\/wp\/v2\/pages\/19079\/revisions\/19080"}],"wp:attachment":[{"href":"https:\/\/www.coverupsystem.com\/es\/wp-json\/wp\/v2\/media?parent=19079"}],"curies":[{"name":"wp","href":"https:\/\/api.w.org\/{rel}","templated":true}]}}